{"id":40,"date":"2024-03-06T21:08:32","date_gmt":"2024-03-06T21:08:32","guid":{"rendered":"https:\/\/xaruya.com\/?post_type=product&#038;p=40"},"modified":"2025-10-24T01:46:03","modified_gmt":"2025-10-24T07:46:03","slug":"champu-arbol-de-te","status":"publish","type":"product","link":"https:\/\/xaruya.com\/index.php\/product\/champu-arbol-de-te\/","title":{"rendered":"Champ\u00fa \u00c1rbol de T\u00e9"},"content":{"rendered":"<p><img loading=\"lazy\" decoding=\"async\" class=\"alignnone size-medium wp-image-30\" src=\"http:\/\/xaruya.com\/wp-content\/uploads\/2024\/02\/acond3-300x169.jpg\" alt=\"\" width=\"300\" height=\"169\" srcset=\"https:\/\/xaruya.com\/wp-content\/uploads\/2024\/02\/acond3-300x169.jpg 300w, https:\/\/xaruya.com\/wp-content\/uploads\/2024\/02\/acond3-1024x576.jpg 1024w, https:\/\/xaruya.com\/wp-content\/uploads\/2024\/02\/acond3-768x432.jpg 768w, https:\/\/xaruya.com\/wp-content\/uploads\/2024\/02\/acond3-1536x864.jpg 1536w, https:\/\/xaruya.com\/wp-content\/uploads\/2024\/02\/acond3-600x338.jpg 600w, https:\/\/xaruya.com\/wp-content\/uploads\/2024\/02\/acond3.jpg 1920w\" sizes=\"auto, (max-width: 300px) 100vw, 300px\" \/><\/p>\n","protected":false},"excerpt":{"rendered":"","protected":false},"featured_media":30,"comment_status":"open","ping_status":"closed","template":"","meta":[],"product_brand":[],"product_cat":[19,16],"product_tag":[],"class_list":{"0":"post-40","1":"product","2":"type-product","3":"status-publish","4":"has-post-thumbnail","6":"product_cat-cabello","7":"product_cat-cuidado-personal","9":"first","10":"instock","11":"sale","12":"shipping-taxable","13":"purchasable","14":"product-type-simple"},"_links":{"self":[{"href":"https:\/\/xaruya.com\/index.php\/wp-json\/wp\/v2\/product\/40","targetHints":{"allow":["GET"]}}],"collection":[{"href":"https:\/\/xaruya.com\/index.php\/wp-json\/wp\/v2\/product"}],"about":[{"href":"https:\/\/xaruya.com\/index.php\/wp-json\/wp\/v2\/types\/product"}],"replies":[{"embeddable":true,"href":"https:\/\/xaruya.com\/index.php\/wp-json\/wp\/v2\/comments?post=40"}],"wp:featuredmedia":[{"embeddable":true,"href":"https:\/\/xaruya.com\/index.php\/wp-json\/wp\/v2\/media\/30"}],"wp:attachment":[{"href":"https:\/\/xaruya.com\/index.php\/wp-json\/wp\/v2\/media?parent=40"}],"wp:term":[{"taxonomy":"product_brand","embeddable":true,"href":"https:\/\/xaruya.com\/index.php\/wp-json\/wp\/v2\/product_brand?post=40"},{"taxonomy":"product_cat","embeddable":true,"href":"https:\/\/xaruya.com\/index.php\/wp-json\/wp\/v2\/product_cat?post=40"},{"taxonomy":"product_tag","embeddable":true,"href":"https:\/\/xaruya.com\/index.php\/wp-json\/wp\/v2\/product_tag?post=40"}],"curies":[{"name":"wp","href":"https:\/\/api.w.org\/{rel}","templated":true}]}}